{"id":2,"date":"2024-04-11T16:22:50","date_gmt":"2024-04-11T16:22:50","guid":{"rendered":"http:\/\/mallorca-realestate.de\/?page_id=2"},"modified":"2025-08-12T11:56:13","modified_gmt":"2025-08-12T11:56:13","slug":"impressum","status":"publish","type":"page","link":"https:\/\/mallorca-realestate.de\/?page_id=2","title":{"rendered":"Impressum"},"content":{"rendered":"\n<p><strong>Angaben gem\u00e4\u00df \u00a7 5 DDG \/ Art. 10 LSSI-CE:<\/strong><\/p>\n\n\n\n<p><strong>Mallorca Real Estate &#8211; by Sch\u00e4del &amp; Partner<\/strong><br>Hendrik Sch\u00e4del<br>Puig de S`Espart 23<\/p>\n\n\n\n<p>07157 Port Andratx<br>Espa\u00f1a<\/p>\n\n\n\n<p>Hinweis: Bei \u201eMallorca Real Estate by Sch\u00e4del &amp; Partner\u201c handelt es sich um eine nicht eingetragene Gesch\u00e4ftsbezeichnung und demzufolge um kein eigenst\u00e4ndiges Unternehmen. Die T\u00e4tigkeit erfolgt als Einzelunternehmer (Aut\u00f3nomo) nach spanischem Recht.<\/p>\n\n\n\n<p><strong>Kontakt:<\/strong><br>Tel: +4917663642784<br>E-Mail: info@mallorca-realestate.de<\/p>\n\n\n\n<p>N.I.E.: Y9284720W<\/p>\n\n\n\n<p><\/p>\n\n\n\n<p><strong>Verantwortlich f\u00fcr den Inhalt nach \u00a7 55 Abs. 2 RStV:<\/strong><\/p>\n\n\n\n<p><strong>Mallorca Real Estate &#8211; by Sch\u00e4del &amp; Partner<\/strong><br>Hendrik Sch\u00e4del<br>Puig de S`Espart 23<\/p>\n\n\n\n<p>07157 Port Andratx<br>Espa\u00f1a<\/p>\n\n\n\n<p><strong>Haftungsausschluss (Disclaimer)<\/strong><\/p>\n\n\n\n<p><strong>Haftung f\u00fcr Inhalte:<\/strong><br>Als Diensteanbieter bin ich gem\u00e4\u00df \u00a7 7 Abs. 1 DDG (ehemals \u00a7 7 Abs. 1 TMG) f\u00fcr eigene Inhalte auf diesen Seiten nach den allgemeinen Gesetzen verantwortlich. Die Inhalte dieser Website wurden mit gr\u00f6\u00dfter Sorgfalt erstellt. F\u00fcr die Richtigkeit, Vollst\u00e4ndigkeit und Aktualit\u00e4t der Inhalte kann jedoch keine Gew\u00e4hr \u00fcbernommen werden. Eine Verpflichtung zur \u00dcberwachung \u00fcbermittelter oder gespeicherter fremder Informationen besteht gem\u00e4\u00df \u00a7\u00a7 8 bis 10 DDG nicht. Sobald mir Rechtsverletzungen bekannt werden, entferne ich die betreffenden Inhalte jedoch umgehend.<\/p>\n\n\n\n<p><strong>Haftung f\u00fcr Links:<\/strong><br>Diese Webseite enth\u00e4lt ggf. Links zu externen Webseiten Dritter, auf deren Inhalte ich keinen Einfluss habe. F\u00fcr diese Inhalte ist stets der jeweilige Anbieter oder Betreiber verantwortlich. Zum Zeitpunkt der Verlinkung wurden keine Rechtsverst\u00f6\u00dfe erkannt. Eine dauerhafte inhaltliche Kontrolle ist ohne konkreten Anhaltspunkt nicht zumutbar. Bei Bekanntwerden von Rechtsverletzungen werde ich derartige Links entfernen.<\/p>\n\n\n\n<p><strong>Urheberrecht \/ Nutzungsrechte<\/strong><\/p>\n\n\n\n<p>Die durch mich erstellten Inhalte und Werke auf dieser Website unterliegen dem spanischen und internationalen Urheberrecht. Die Vervielf\u00e4ltigung, Bearbeitung, Verbreitung oder sonstige Verwendung au\u00dferhalb der Grenzen des Urheberrechts bedarf meiner schriftlichen Zustimmung. Downloads und Kopien dieser Seite sind nur f\u00fcr den privaten, nicht kommerziellen Gebrauch gestattet.<\/p>\n\n\n\n<p><strong>Streitschlichtung<\/strong><\/p>\n\n\n\n<p>Die Europ\u00e4ische Kommission stellt eine Plattform zur Online-Streitbeilegung (OS) bereit:<br><a href=\"https:\/\/ec.europa.eu\/consumers\/odr\">https:\/\/ec.europa.eu\/consumers\/odr<\/a><\/p>\n\n\n\n<p>Ich bin weder bereit noch verpflichtet, an einem Streitbeilegungsverfahren vor einer Verbraucherschlichtungsstelle teilzunehmen.<\/p>\n\n\n\n<h2 class=\"wp-block-heading\">Aviso legal<\/h2>\n\n\n\n<p><strong>Informaci\u00f3n conforme al \u00a7 5 DDG \/ Art. 10 LSSI-CE:<\/strong><\/p>\n\n\n\n<p><br><strong>Mallorca Real Estate &#8211; by Sch\u00e4del &amp; Partner<\/strong><br>Hendrik Sch\u00e4del<br>Puig de S`Espart 23<\/p>\n\n\n\n<p>07157 Port Andratx<br>Espa\u00f1a<\/p>\n\n\n\n<p><strong>Nota:<\/strong>&nbsp;\u201cMallorca Real Estate by Sch\u00e4del &amp; Partner\u201d es una denominaci\u00f3n comercial no registrada y, por tanto, no constituye una empresa independiente. La actividad se ejerce como empresario individual (aut\u00f3nomo) conforme a la legislaci\u00f3n espa\u00f1ola.<\/p>\n\n\n\n<p><strong>Contacto:<\/strong><br>M\u00f3vil: +4917663642784<br>Correo electr\u00f3nico: info@mallorca-realestate.de<\/p>\n\n\n\n<p>N.I.E.: Y9284720W<\/p>\n\n\n\n<p><strong>Responsable del contenido seg\u00fan \u00a7 55 p\u00e1rr. 2 RStV:<\/strong><br>Hendrik Sch\u00e4del<br>Puig de S`Espart 23<\/p>\n\n\n\n<p>07157 Port Andratx<br>Espa\u00f1a<\/p>\n\n\n\n<p><strong>Exenci\u00f3n de responsabilidad (Disclaimer)<\/strong><\/p>\n\n\n\n<p><strong>Responsabilidad por los contenidos:<\/strong><br>Como proveedor de servicios, soy responsable de los contenidos propios en estas p\u00e1ginas conforme al \u00a7 7 p\u00e1rr. 1 DDG (anteriormente \u00a7 7 p\u00e1rr. 1 TMG) y seg\u00fan las leyes generales. Los contenidos de este sitio web se han elaborado con el mayor esmero. No obstante, no se puede garantizar la exactitud, integridad o actualidad de los mismos.<br>No existe obligaci\u00f3n de supervisar informaciones externas transmitidas o almacenadas conforme a los \u00a7\u00a7 8 a 10 DDG. Tan pronto como tenga conocimiento de una infracci\u00f3n legal, proceder\u00e9 a retirar dichos contenidos de inmediato.<\/p>\n\n\n\n<p><strong>Responsabilidad por enlaces:<\/strong><br>Este sitio web puede contener enlaces a p\u00e1ginas web externas de terceros, sobre cuyos contenidos no tengo influencia. La responsabilidad de dichos contenidos corresponde exclusivamente a sus respectivos proveedores u operadores. En el momento de establecer el enlace no se detectaron infracciones legales. Una supervisi\u00f3n permanente del contenido de las p\u00e1ginas enlazadas no es razonable sin indicios concretos de una infracci\u00f3n. En caso de conocer violaciones legales, dichos enlaces ser\u00e1n eliminados de inmediato.<\/p>\n\n\n\n<p><strong>Derechos de autor \/ Derechos de uso<\/strong><\/p>\n\n\n\n<p>Los contenidos y obras creados por m\u00ed en este sitio web est\u00e1n protegidos por los derechos de autor espa\u00f1oles e internacionales. La reproducci\u00f3n, edici\u00f3n, distribuci\u00f3n o cualquier tipo de utilizaci\u00f3n fuera de los l\u00edmites del derecho de autor requieren mi autorizaci\u00f3n por escrito. Las descargas y copias de este sitio solo est\u00e1n permitidas para uso privado y no comercial.<\/p>\n\n\n\n<p><strong>Resoluci\u00f3n de litigios<\/strong><\/p>\n\n\n\n<p>La Comisi\u00f3n Europea ofrece una plataforma para la resoluci\u00f3n de litigios en l\u00ednea (ODR):<br><a href=\"https:\/\/ec.europa.eu\/consumers\/odr\">https:\/\/ec.europa.eu\/consumers\/odr<\/a><\/p>\n\n\n\n<p>No estoy dispuesto ni obligado a participar en un procedimiento de resoluci\u00f3n de litigios ante una junta arbitral de consumo.<\/p>\n","protected":false},"excerpt":{"rendered":"<p>Angaben gem\u00e4\u00df \u00a7 5 DDG \/ Art. 10 LSSI-CE: Mallorca Real Estate &#8211; by Sch\u00e4del &amp; PartnerHendrik Sch\u00e4delPuig de S`Espart 23 07157 Port AndratxEspa\u00f1a Hinweis: Bei \u201eMallorca Real Estate by Sch\u00e4del &amp; Partner\u201c handelt es sich um eine nicht eingetragene Gesch\u00e4ftsbezeichnung und demzufolge um kein eigenst\u00e4ndiges Unternehmen. Die T\u00e4tigkeit erfolgt als Einzelunternehmer (Aut\u00f3nomo) nach spanischem [&hellip;]<\/p>\n","protected":false},"author":1,"featured_media":0,"parent":0,"menu_order":0,"comment_status":"closed","ping_status":"closed","template":"","meta":{"_et_pb_use_builder":"off","_et_pb_old_content":"<!-- wp:paragraph -->\n<p><strong>Angaben gem\u00e4\u00df \u00a7 5 DDG \/ Art. 10 LSSI-CE:<\/strong><\/p>\n<!-- \/wp:paragraph -->\n\n<!-- wp:paragraph -->\n<p><strong>Mallorca Real Estate - by Sch\u00e4del &amp; Partner<\/strong><br>Hendrik Sch\u00e4del<br>Puig de S`Espart 23<\/p>\n<!-- \/wp:paragraph -->\n\n<!-- wp:paragraph -->\n<p>07157 Port Andratx<br>Espa\u00f1a<\/p>\n<!-- \/wp:paragraph -->\n\n<!-- wp:paragraph -->\n<p>Hinweis: Bei \u201eMallorca Real Estate by Sch\u00e4del &amp; Partner\u201c handelt es sich um eine nicht eingetragene Gesch\u00e4ftsbezeichnung und demzufolge um kein eigenst\u00e4ndiges Unternehmen. Die T\u00e4tigkeit erfolgt als Einzelunternehmer (Aut\u00f3nomo) nach spanischem Recht.<\/p>\n<!-- \/wp:paragraph -->\n\n<!-- wp:paragraph -->\n<p><strong>Kontakt:<\/strong><br>Tel: +4917663642784<br>E-Mail: info@mallorca-realestate.de<\/p>\n<!-- \/wp:paragraph -->\n\n<!-- wp:paragraph -->\n<p>N.I.E.: Y9284720W<\/p>\n<!-- \/wp:paragraph -->\n\n<!-- wp:paragraph -->\n<p><\/p>\n<!-- \/wp:paragraph -->\n\n<!-- wp:paragraph -->\n<p><strong>Verantwortlich f\u00fcr den Inhalt nach \u00a7 55 Abs. 2 RStV:<\/strong><\/p>\n<!-- \/wp:paragraph -->\n\n<!-- wp:paragraph -->\n<p><strong>Mallorca Real Estate - by Sch\u00e4del &amp; Partner<\/strong><br>Hendrik Sch\u00e4del<br>Puig de S`Espart 23<\/p>\n<!-- \/wp:paragraph -->\n\n<!-- wp:paragraph -->\n<p>07157 Port Andratx<br>Espa\u00f1a<\/p>\n<!-- \/wp:paragraph -->\n\n<!-- wp:paragraph -->\n<p><strong>Haftungsausschluss (Disclaimer)<\/strong><\/p>\n<!-- \/wp:paragraph -->\n\n<!-- wp:paragraph -->\n<p><strong>Haftung f\u00fcr Inhalte:<\/strong><br>Als Diensteanbieter bin ich gem\u00e4\u00df \u00a7 7 Abs. 1 DDG (ehemals \u00a7 7 Abs. 1 TMG) f\u00fcr eigene Inhalte auf diesen Seiten nach den allgemeinen Gesetzen verantwortlich. Die Inhalte dieser Website wurden mit gr\u00f6\u00dfter Sorgfalt erstellt. F\u00fcr die Richtigkeit, Vollst\u00e4ndigkeit und Aktualit\u00e4t der Inhalte kann jedoch keine Gew\u00e4hr \u00fcbernommen werden. Eine Verpflichtung zur \u00dcberwachung \u00fcbermittelter oder gespeicherter fremder Informationen besteht gem\u00e4\u00df \u00a7\u00a7 8 bis 10 DDG nicht. Sobald mir Rechtsverletzungen bekannt werden, entferne ich die betreffenden Inhalte jedoch umgehend.<\/p>\n<!-- \/wp:paragraph -->\n\n<!-- wp:paragraph -->\n<p><strong>Haftung f\u00fcr Links:<\/strong><br>Diese Webseite enth\u00e4lt ggf. Links zu externen Webseiten Dritter, auf deren Inhalte ich keinen Einfluss habe. F\u00fcr diese Inhalte ist stets der jeweilige Anbieter oder Betreiber verantwortlich. Zum Zeitpunkt der Verlinkung wurden keine Rechtsverst\u00f6\u00dfe erkannt. Eine dauerhafte inhaltliche Kontrolle ist ohne konkreten Anhaltspunkt nicht zumutbar. Bei Bekanntwerden von Rechtsverletzungen werde ich derartige Links entfernen.<\/p>\n<!-- \/wp:paragraph -->\n\n<!-- wp:paragraph -->\n<p><strong>Urheberrecht \/ Nutzungsrechte<\/strong><\/p>\n<!-- \/wp:paragraph -->\n\n<!-- wp:paragraph -->\n<p>Die durch mich erstellten Inhalte und Werke auf dieser Website unterliegen dem spanischen und internationalen Urheberrecht. Die Vervielf\u00e4ltigung, Bearbeitung, Verbreitung oder sonstige Verwendung au\u00dferhalb der Grenzen des Urheberrechts bedarf meiner schriftlichen Zustimmung. Downloads und Kopien dieser Seite sind nur f\u00fcr den privaten, nicht kommerziellen Gebrauch gestattet.<\/p>\n<!-- \/wp:paragraph -->\n\n<!-- wp:paragraph -->\n<p><strong>Streitschlichtung<\/strong><\/p>\n<!-- \/wp:paragraph -->\n\n<!-- wp:paragraph -->\n<p>Die Europ\u00e4ische Kommission stellt eine Plattform zur Online-Streitbeilegung (OS) bereit:<br><a href=\"https:\/\/ec.europa.eu\/consumers\/odr\">https:\/\/ec.europa.eu\/consumers\/odr<\/a><\/p>\n<!-- \/wp:paragraph -->\n\n<!-- wp:paragraph -->\n<p>Ich bin weder bereit noch verpflichtet, an einem Streitbeilegungsverfahren vor einer Verbraucherschlichtungsstelle teilzunehmen.<\/p>\n<!-- \/wp:paragraph -->\n\n<!-- wp:heading -->\n<h2 class=\"wp-block-heading\">Aviso legal<\/h2>\n<!-- \/wp:heading -->\n\n<!-- wp:paragraph -->\n<p><strong>Informaci\u00f3n conforme al \u00a7 5 DDG \/ Art. 10 LSSI-CE:<\/strong><\/p>\n<!-- \/wp:paragraph -->\n\n<!-- wp:paragraph -->\n<p><br><strong>Mallorca Real Estate - by Sch\u00e4del &amp; Partner<\/strong><br>Hendrik Sch\u00e4del<br>Puig de S`Espart 23<\/p>\n<!-- \/wp:paragraph -->\n\n<!-- wp:paragraph -->\n<p>07157 Port Andratx<br>Espa\u00f1a<\/p>\n<!-- \/wp:paragraph -->\n\n<!-- wp:paragraph -->\n<p><strong>Nota:<\/strong>\u00a0\u201cMallorca Real Estate by Sch\u00e4del &amp; Partner\u201d es una denominaci\u00f3n comercial no registrada y, por tanto, no constituye una empresa independiente. La actividad se ejerce como empresario individual (aut\u00f3nomo) conforme a la legislaci\u00f3n espa\u00f1ola.<\/p>\n<!-- \/wp:paragraph -->\n\n<!-- wp:paragraph -->\n<p><strong>Contacto:<\/strong><br>M\u00f3vil: +4917663642784<br>Correo electr\u00f3nico: info@mallorca-realestate.de<\/p>\n<!-- \/wp:paragraph -->\n\n<!-- wp:paragraph -->\n<p>N.I.E.: Y9284720W<\/p>\n<!-- \/wp:paragraph -->\n\n<!-- wp:paragraph -->\n<p><strong>Responsable del contenido seg\u00fan \u00a7 55 p\u00e1rr. 2 RStV:<\/strong><br>Hendrik Sch\u00e4del<br>Puig de S`Espart 23<\/p>\n<!-- \/wp:paragraph -->\n\n<!-- wp:paragraph -->\n<p>07157 Port Andratx<br>Espa\u00f1a<\/p>\n<!-- \/wp:paragraph -->\n\n<!-- wp:paragraph -->\n<p><strong>Exenci\u00f3n de responsabilidad (Disclaimer)<\/strong><\/p>\n<!-- \/wp:paragraph -->\n\n<!-- wp:paragraph -->\n<p><strong>Responsabilidad por los contenidos:<\/strong><br>Como proveedor de servicios, soy responsable de los contenidos propios en estas p\u00e1ginas conforme al \u00a7 7 p\u00e1rr. 1 DDG (anteriormente \u00a7 7 p\u00e1rr. 1 TMG) y seg\u00fan las leyes generales. Los contenidos de este sitio web se han elaborado con el mayor esmero. No obstante, no se puede garantizar la exactitud, integridad o actualidad de los mismos.<br>No existe obligaci\u00f3n de supervisar informaciones externas transmitidas o almacenadas conforme a los \u00a7\u00a7 8 a 10 DDG. Tan pronto como tenga conocimiento de una infracci\u00f3n legal, proceder\u00e9 a retirar dichos contenidos de inmediato.<\/p>\n<!-- \/wp:paragraph -->\n\n<!-- wp:paragraph -->\n<p><strong>Responsabilidad por enlaces:<\/strong><br>Este sitio web puede contener enlaces a p\u00e1ginas web externas de terceros, sobre cuyos contenidos no tengo influencia. La responsabilidad de dichos contenidos corresponde exclusivamente a sus respectivos proveedores u operadores. En el momento de establecer el enlace no se detectaron infracciones legales. Una supervisi\u00f3n permanente del contenido de las p\u00e1ginas enlazadas no es razonable sin indicios concretos de una infracci\u00f3n. En caso de conocer violaciones legales, dichos enlaces ser\u00e1n eliminados de inmediato.<\/p>\n<!-- \/wp:paragraph -->\n\n<!-- wp:paragraph -->\n<p><strong>Derechos de autor \/ Derechos de uso<\/strong><\/p>\n<!-- \/wp:paragraph -->\n\n<!-- wp:paragraph -->\n<p>Los contenidos y obras creados por m\u00ed en este sitio web est\u00e1n protegidos por los derechos de autor espa\u00f1oles e internacionales. La reproducci\u00f3n, edici\u00f3n, distribuci\u00f3n o cualquier tipo de utilizaci\u00f3n fuera de los l\u00edmites del derecho de autor requieren mi autorizaci\u00f3n por escrito. Las descargas y copias de este sitio solo est\u00e1n permitidas para uso privado y no comercial.<\/p>\n<!-- \/wp:paragraph -->\n\n<!-- wp:paragraph -->\n<p><strong>Resoluci\u00f3n de litigios<\/strong><\/p>\n<!-- \/wp:paragraph -->\n\n<!-- wp:paragraph -->\n<p>La Comisi\u00f3n Europea ofrece una plataforma para la resoluci\u00f3n de litigios en l\u00ednea (ODR):<br><a href=\"https:\/\/ec.europa.eu\/consumers\/odr\">https:\/\/ec.europa.eu\/consumers\/odr<\/a><\/p>\n<!-- \/wp:paragraph -->\n\n<!-- wp:paragraph -->\n<p>No estoy dispuesto ni obligado a participar en un procedimiento de resoluci\u00f3n de litigios ante una junta arbitral de consumo.<\/p>\n<!-- \/wp:paragraph -->","_et_gb_content_width":"","footnotes":""},"class_list":["post-2","page","type-page","status-publish","hentry"],"yoast_head":"<!-- This site is optimized with the Yoast SEO plugin v27.3 - https:\/\/yoast.com\/product\/yoast-seo-wordpress\/ -->\n<title>Impressum - Mallorca Real Estate<\/title>\n<meta name=\"robots\" content=\"index, follow, max-snippet:-1, max-image-preview:large, max-video-preview:-1\" \/>\n<link rel=\"canonical\" href=\"https:\/\/mallorca-realestate.de\/?page_id=2\" \/>\n<meta property=\"og:locale\" content=\"de_DE\" \/>\n<meta property=\"og:type\" content=\"article\" \/>\n<meta property=\"og:title\" content=\"Impressum - Mallorca Real Estate\" \/>\n<meta property=\"og:description\" content=\"Angaben gem\u00e4\u00df \u00a7 5 DDG \/ Art. 10 LSSI-CE: Mallorca Real Estate &#8211; by Sch\u00e4del &amp; PartnerHendrik Sch\u00e4delPuig de S`Espart 23 07157 Port AndratxEspa\u00f1a Hinweis: Bei \u201eMallorca Real Estate by Sch\u00e4del &amp; Partner\u201c handelt es sich um eine nicht eingetragene Gesch\u00e4ftsbezeichnung und demzufolge um kein eigenst\u00e4ndiges Unternehmen. Die T\u00e4tigkeit erfolgt als Einzelunternehmer (Aut\u00f3nomo) nach spanischem [&hellip;]\" \/>\n<meta property=\"og:url\" content=\"https:\/\/mallorca-realestate.de\/?page_id=2\" \/>\n<meta property=\"og:site_name\" content=\"Mallorca Real Estate\" \/>\n<meta property=\"article:modified_time\" content=\"2025-08-12T11:56:13+00:00\" \/>\n<meta name=\"twitter:card\" content=\"summary_large_image\" \/>\n<meta name=\"twitter:label1\" content=\"Gesch\u00e4tzte Lesezeit\" \/>\n\t<meta name=\"twitter:data1\" content=\"4\u00a0Minuten\" \/>\n<script type=\"application\/ld+json\" class=\"yoast-schema-graph\">{\"@context\":\"https:\\\/\\\/schema.org\",\"@graph\":[{\"@type\":\"WebPage\",\"@id\":\"https:\\\/\\\/mallorca-realestate.de\\\/?page_id=2\",\"url\":\"https:\\\/\\\/mallorca-realestate.de\\\/?page_id=2\",\"name\":\"Impressum - Mallorca Real Estate\",\"isPartOf\":{\"@id\":\"https:\\\/\\\/mallorca-realestate.de\\\/#website\"},\"datePublished\":\"2024-04-11T16:22:50+00:00\",\"dateModified\":\"2025-08-12T11:56:13+00:00\",\"breadcrumb\":{\"@id\":\"https:\\\/\\\/mallorca-realestate.de\\\/?page_id=2#breadcrumb\"},\"inLanguage\":\"de\",\"potentialAction\":[{\"@type\":\"ReadAction\",\"target\":[\"https:\\\/\\\/mallorca-realestate.de\\\/?page_id=2\"]}]},{\"@type\":\"BreadcrumbList\",\"@id\":\"https:\\\/\\\/mallorca-realestate.de\\\/?page_id=2#breadcrumb\",\"itemListElement\":[{\"@type\":\"ListItem\",\"position\":1,\"name\":\"Startseite\",\"item\":\"https:\\\/\\\/mallorca-realestate.de\\\/\"},{\"@type\":\"ListItem\",\"position\":2,\"name\":\"Impressum\"}]},{\"@type\":\"WebSite\",\"@id\":\"https:\\\/\\\/mallorca-realestate.de\\\/#website\",\"url\":\"https:\\\/\\\/mallorca-realestate.de\\\/\",\"name\":\"Mallorca Real Estate\",\"description\":\"by Sch\u00e4del &amp; Partner\",\"publisher\":{\"@id\":\"https:\\\/\\\/mallorca-realestate.de\\\/#organization\"},\"potentialAction\":[{\"@type\":\"SearchAction\",\"target\":{\"@type\":\"EntryPoint\",\"urlTemplate\":\"https:\\\/\\\/mallorca-realestate.de\\\/?s={search_term_string}\"},\"query-input\":{\"@type\":\"PropertyValueSpecification\",\"valueRequired\":true,\"valueName\":\"search_term_string\"}}],\"inLanguage\":\"de\"},{\"@type\":\"Organization\",\"@id\":\"https:\\\/\\\/mallorca-realestate.de\\\/#organization\",\"name\":\"Mallorca Real Estate by Sch\u00e4del & Partner\",\"url\":\"https:\\\/\\\/mallorca-realestate.de\\\/\",\"logo\":{\"@type\":\"ImageObject\",\"inLanguage\":\"de\",\"@id\":\"https:\\\/\\\/mallorca-realestate.de\\\/#\\\/schema\\\/logo\\\/image\\\/\",\"url\":\"https:\\\/\\\/mallorca-realestate.de\\\/wp-content\\\/uploads\\\/2025\\\/08\\\/Design-ohne-Titel-1.png\",\"contentUrl\":\"https:\\\/\\\/mallorca-realestate.de\\\/wp-content\\\/uploads\\\/2025\\\/08\\\/Design-ohne-Titel-1.png\",\"width\":1472,\"height\":832,\"caption\":\"Mallorca Real Estate by Sch\u00e4del & Partner\"},\"image\":{\"@id\":\"https:\\\/\\\/mallorca-realestate.de\\\/#\\\/schema\\\/logo\\\/image\\\/\"}}]}<\/script>\n<!-- \/ Yoast SEO plugin. -->","yoast_head_json":{"title":"Impressum - Mallorca Real Estate","robots":{"index":"index","follow":"follow","max-snippet":"max-snippet:-1","max-image-preview":"max-image-preview:large","max-video-preview":"max-video-preview:-1"},"canonical":"https:\/\/mallorca-realestate.de\/?page_id=2","og_locale":"de_DE","og_type":"article","og_title":"Impressum - Mallorca Real Estate","og_description":"Angaben gem\u00e4\u00df \u00a7 5 DDG \/ Art. 10 LSSI-CE: Mallorca Real Estate &#8211; by Sch\u00e4del &amp; PartnerHendrik Sch\u00e4delPuig de S`Espart 23 07157 Port AndratxEspa\u00f1a Hinweis: Bei \u201eMallorca Real Estate by Sch\u00e4del &amp; Partner\u201c handelt es sich um eine nicht eingetragene Gesch\u00e4ftsbezeichnung und demzufolge um kein eigenst\u00e4ndiges Unternehmen. Die T\u00e4tigkeit erfolgt als Einzelunternehmer (Aut\u00f3nomo) nach spanischem [&hellip;]","og_url":"https:\/\/mallorca-realestate.de\/?page_id=2","og_site_name":"Mallorca Real Estate","article_modified_time":"2025-08-12T11:56:13+00:00","twitter_card":"summary_large_image","twitter_misc":{"Gesch\u00e4tzte Lesezeit":"4\u00a0Minuten"},"schema":{"@context":"https:\/\/schema.org","@graph":[{"@type":"WebPage","@id":"https:\/\/mallorca-realestate.de\/?page_id=2","url":"https:\/\/mallorca-realestate.de\/?page_id=2","name":"Impressum - Mallorca Real Estate","isPartOf":{"@id":"https:\/\/mallorca-realestate.de\/#website"},"datePublished":"2024-04-11T16:22:50+00:00","dateModified":"2025-08-12T11:56:13+00:00","breadcrumb":{"@id":"https:\/\/mallorca-realestate.de\/?page_id=2#breadcrumb"},"inLanguage":"de","potentialAction":[{"@type":"ReadAction","target":["https:\/\/mallorca-realestate.de\/?page_id=2"]}]},{"@type":"BreadcrumbList","@id":"https:\/\/mallorca-realestate.de\/?page_id=2#breadcrumb","itemListElement":[{"@type":"ListItem","position":1,"name":"Startseite","item":"https:\/\/mallorca-realestate.de\/"},{"@type":"ListItem","position":2,"name":"Impressum"}]},{"@type":"WebSite","@id":"https:\/\/mallorca-realestate.de\/#website","url":"https:\/\/mallorca-realestate.de\/","name":"Mallorca Real Estate","description":"by Sch\u00e4del &amp; Partner","publisher":{"@id":"https:\/\/mallorca-realestate.de\/#organization"},"potentialAction":[{"@type":"SearchAction","target":{"@type":"EntryPoint","urlTemplate":"https:\/\/mallorca-realestate.de\/?s={search_term_string}"},"query-input":{"@type":"PropertyValueSpecification","valueRequired":true,"valueName":"search_term_string"}}],"inLanguage":"de"},{"@type":"Organization","@id":"https:\/\/mallorca-realestate.de\/#organization","name":"Mallorca Real Estate by Sch\u00e4del & Partner","url":"https:\/\/mallorca-realestate.de\/","logo":{"@type":"ImageObject","inLanguage":"de","@id":"https:\/\/mallorca-realestate.de\/#\/schema\/logo\/image\/","url":"https:\/\/mallorca-realestate.de\/wp-content\/uploads\/2025\/08\/Design-ohne-Titel-1.png","contentUrl":"https:\/\/mallorca-realestate.de\/wp-content\/uploads\/2025\/08\/Design-ohne-Titel-1.png","width":1472,"height":832,"caption":"Mallorca Real Estate by Sch\u00e4del & Partner"},"image":{"@id":"https:\/\/mallorca-realestate.de\/#\/schema\/logo\/image\/"}}]}},"_links":{"self":[{"href":"https:\/\/mallorca-realestate.de\/index.php?rest_route=\/wp\/v2\/pages\/2","targetHints":{"allow":["GET"]}}],"collection":[{"href":"https:\/\/mallorca-realestate.de\/index.php?rest_route=\/wp\/v2\/pages"}],"about":[{"href":"https:\/\/mallorca-realestate.de\/index.php?rest_route=\/wp\/v2\/types\/page"}],"author":[{"embeddable":true,"href":"https:\/\/mallorca-realestate.de\/index.php?rest_route=\/wp\/v2\/users\/1"}],"replies":[{"embeddable":true,"href":"https:\/\/mallorca-realestate.de\/index.php?rest_route=%2Fwp%2Fv2%2Fcomments&post=2"}],"version-history":[{"count":4,"href":"https:\/\/mallorca-realestate.de\/index.php?rest_route=\/wp\/v2\/pages\/2\/revisions"}],"predecessor-version":[{"id":127,"href":"https:\/\/mallorca-realestate.de\/index.php?rest_route=\/wp\/v2\/pages\/2\/revisions\/127"}],"wp:attachment":[{"href":"https:\/\/mallorca-realestate.de\/index.php?rest_route=%2Fwp%2Fv2%2Fmedia&parent=2"}],"curies":[{"name":"wp","href":"https:\/\/api.w.org\/{rel}","templated":true}]}}